{"id":607,"date":"2016-04-19T12:56:33","date_gmt":"2016-04-19T09:56:33","guid":{"rendered":"http:\/\/www.kimmihri.com\/?page_id=607"},"modified":"2022-03-07T20:30:40","modified_gmt":"2022-03-07T17:30:40","slug":"destek","status":"publish","type":"page","link":"https:\/\/www.kimmihri.com\/en\/destek\/","title":{"rendered":"Support"},"content":{"rendered":"<section class=\"row section \">\n\t\t<div class=\"row-content buffer even clear-after\">\n\t\t\t<div class=\"section-title\"><h3>CORPORATE SUPPORTERS<\/h3><\/div>\n\t<div class=\"column twothirds centeredcolumn\">\n\t\n<div id='gallery-2' class='gallery galleryid-607 gallery-columns-4 gallery-size-large'><figure class='gallery-item'>\n\t\t\t<div class='gallery-icon landscape'>\n\t\t\t\t<img width=\"200\" height=\"150\" src=\"https:\/\/www.kimmihri.com\/wp-content\/uploads\/2020\/07\/tc-kultur-bakanligi-logo.png\" class=\"attachment-large size-large\" alt=\"\" decoding=\"async\" loading=\"lazy\" \/>\n\t\t\t<\/div><\/figure><figure class='gallery-item'>\n\t\t\t<div class='gallery-icon landscape'>\n\t\t\t\t<img width=\"200\" height=\"150\" src=\"https:\/\/www.kimmihri.com\/wp-content\/uploads\/2020\/07\/sinema-gm-logo.png\" class=\"attachment-large size-large\" alt=\"\" decoding=\"async\" loading=\"lazy\" \/>\n\t\t\t<\/div><\/figure><figure class='gallery-item'>\n\t\t\t<div class='gallery-icon landscape'>\n\t\t\t\t<img width=\"200\" height=\"150\" src=\"https:\/\/www.kimmihri.com\/wp-content\/uploads\/2021\/01\/us-embassy.png\" class=\"attachment-large size-large\" alt=\"\" decoding=\"async\" loading=\"lazy\" \/>\n\t\t\t<\/div><\/figure><figure class='gallery-item'>\n\t\t\t<div class='gallery-icon landscape'>\n\t\t\t\t<img width=\"200\" height=\"150\" src=\"https:\/\/www.kimmihri.com\/wp-content\/uploads\/2020\/07\/antalya-ff-logo.png\" class=\"attachment-large size-large\" alt=\"\" decoding=\"async\" loading=\"lazy\" \/>\n\t\t\t<\/div><\/figure><figure class='gallery-item'>\n\t\t\t<div class='gallery-icon landscape'>\n\t\t\t\t<img width=\"200\" height=\"150\" src=\"https:\/\/www.kimmihri.com\/wp-content\/uploads\/2020\/07\/msgsu-logo.png\" class=\"attachment-large size-large\" alt=\"\" decoding=\"async\" loading=\"lazy\" \/>\n\t\t\t<\/div><\/figure><figure class='gallery-item'>\n\t\t\t<div class='gallery-icon landscape'>\n\t\t\t\t<img width=\"200\" height=\"150\" src=\"https:\/\/www.kimmihri.com\/wp-content\/uploads\/2020\/07\/ms-gsu-grafik.png\" class=\"attachment-large size-large\" alt=\"\" decoding=\"async\" loading=\"lazy\" \/>\n\t\t\t<\/div><\/figure><figure class='gallery-item'>\n\t\t\t<div class='gallery-icon landscape'>\n\t\t\t\t<img width=\"200\" height=\"150\" src=\"https:\/\/www.kimmihri.com\/wp-content\/uploads\/2020\/07\/kadin-eserleri-kutuphanesi-logo.png\" class=\"attachment-large size-large\" alt=\"\" decoding=\"async\" loading=\"lazy\" \/>\n\t\t\t<\/div><\/figure><figure class='gallery-item'>\n\t\t\t<div class='gallery-icon landscape'>\n\t\t\t\t<img width=\"200\" height=\"150\" src=\"https:\/\/www.kimmihri.com\/wp-content\/uploads\/2020\/07\/the-american-turkish-society-logo.png\" class=\"attachment-large size-large\" alt=\"\" decoding=\"async\" loading=\"lazy\" \/>\n\t\t\t<\/div><\/figure><figure class='gallery-item'>\n\t\t\t<div class='gallery-icon landscape'>\n\t\t\t\t<img width=\"200\" height=\"150\" src=\"https:\/\/www.kimmihri.com\/wp-content\/uploads\/2020\/07\/canlandiranlar-logo.png\" class=\"attachment-large size-large\" alt=\"\" decoding=\"async\" loading=\"lazy\" \/>\n\t\t\t<\/div><\/figure><figure class='gallery-item'>\n\t\t\t<div class='gallery-icon landscape'>\n\t\t\t\t<img width=\"200\" height=\"150\" src=\"https:\/\/www.kimmihri.com\/wp-content\/uploads\/2020\/07\/dumlupinar-gsf-logo.png\" class=\"attachment-large size-large\" alt=\"\" decoding=\"async\" loading=\"lazy\" \/>\n\t\t\t<\/div><\/figure><figure class='gallery-item'>\n\t\t\t<div class='gallery-icon landscape'>\n\t\t\t\t<img width=\"200\" height=\"150\" src=\"https:\/\/www.kimmihri.com\/wp-content\/uploads\/2020\/07\/filmarka-logo.png\" class=\"attachment-large size-large\" alt=\"\" decoding=\"async\" loading=\"lazy\" \/>\n\t\t\t<\/div><\/figure><figure class='gallery-item'>\n\t\t\t<div class='gallery-icon landscape'>\n\t\t\t\t<img width=\"200\" height=\"150\" src=\"https:\/\/www.kimmihri.com\/wp-content\/uploads\/2020\/07\/postbiyik-logo.png\" class=\"attachment-large size-large\" alt=\"\" decoding=\"async\" loading=\"lazy\" \/>\n\t\t\t<\/div><\/figure><figure class='gallery-item'>\n\t\t\t<div class='gallery-icon landscape'>\n\t\t\t\t<img width=\"200\" height=\"150\" src=\"https:\/\/www.kimmihri.com\/wp-content\/uploads\/2020\/07\/melodika-logo.png\" class=\"attachment-large size-large\" alt=\"\" decoding=\"async\" loading=\"lazy\" \/>\n\t\t\t<\/div><\/figure><figure class='gallery-item'>\n\t\t\t<div class='gallery-icon landscape'>\n\t\t\t\t<img width=\"200\" height=\"150\" src=\"https:\/\/www.kimmihri.com\/wp-content\/uploads\/2020\/07\/niceye_group-logo.png\" class=\"attachment-large size-large\" alt=\"\" decoding=\"async\" loading=\"lazy\" \/>\n\t\t\t<\/div><\/figure><figure class='gallery-item'>\n\t\t\t<div class='gallery-icon landscape'>\n\t\t\t\t<img width=\"200\" height=\"150\" src=\"https:\/\/www.kimmihri.com\/wp-content\/uploads\/2020\/07\/oktotek-logo.png\" class=\"attachment-large size-large\" alt=\"\" decoding=\"async\" loading=\"lazy\" \/>\n\t\t\t<\/div><\/figure><figure class='gallery-item'>\n\t\t\t<div class='gallery-icon landscape'>\n\t\t\t\t<img width=\"200\" height=\"150\" src=\"https:\/\/www.kimmihri.com\/wp-content\/uploads\/2020\/07\/travelogue-logo.png\" class=\"attachment-large size-large\" alt=\"\" decoding=\"async\" loading=\"lazy\" \/>\n\t\t\t<\/div><\/figure>\n\t\t<\/div>\n\n\n\t<\/div>\n\t\t<\/div>\n\t<\/section>\n\n\t<section class=\"row section \">\n\t\t<div class=\"row-content buffer even clear-after\">\n\t\t\t<div class=\"section-title\"><h3>SPECIAL THANKS TO<\/h3><\/div>\n\t<div class=\"column twothirds centeredcolumn\">\n\t\n\t<div class=\"column  third \">\n\t\n<p>Adnan \u00c7oker<\/p>\n<p>Ahmet Merey<\/p>\n<p>Ali Burak Erkan<\/p>\n<p>Ali Catansever<\/p>\n<p>Asl\u0131 Dadak<\/p>\n<p>Asl\u0131 Davaz<\/p>\n<p>Aysim T\u00fcrkmen<\/p>\n<p>Bahar Evgin<\/p>\n<p>Asuman \u00c7oker<\/p>\n<p>Can Candan<\/p>\n<p>Cemal Erez<\/p>\n<p>Didem \u00c7\u0131vg\u0131no\u011flu<\/p>\n<p>Didem Newton<\/p>\n<p>Dilek \u00c7olak<\/p>\n<p>Ela Ba\u015fak Atakan<\/p>\n<p>Elif Turan<\/p>\n<p>Elif Aydo\u011fdu Oral<\/p>\n<p>Elif Ilgaz<\/p>\n<p>Emine Y\u0131ld\u0131r\u0131m<\/p>\n<p>Evren Lu\u015f<\/p>\n<p>Giovanni Robbiano<\/p>\n<p>H\u00fclya Gen\u00e7alp<\/p>\n\n\t<\/div>\n\n\t<div class=\"column  third \">\n\t\n<p>I\u015f\u0131k Dikmen<\/p>\n<p>\u0130mre Tezel<\/p>\n<p>K\u0131v\u0131lc\u0131m Akay<\/p>\n<p>Kumru Eren<\/p>\n<p>Lorans Tanatar Baruh<\/p>\n<p>Marineta-mak Kritikou<\/p>\n<p>Mehmet Kocao\u011flu<\/p>\n<p>Meral Erez<\/p>\n<p>Merve Bozcu<\/p>\n<p>Meryem Yavuz<\/p>\n<p>Murat G\u00fcven\u00e7<\/p>\n<p>Mustafa Dok<\/p>\n<p>Nakiye Boran<\/p>\n<p>Nazl\u0131 Elif Duru<\/p>\n<p>Nejat Merey<\/p>\n<p>Nezih A\u00e7ba<\/p>\n<p>Nihan Vural<\/p>\n<p>Nurduran Duman<\/p>\n<p>O\u011fuz Peri<\/p>\n<p>\u00d6zlem G\u00f6kbel<\/p>\n<p>Paul Newton<\/p>\n\n\t<\/div>\n\n\t<div class=\"column  third last \">\n\t\n<p>P\u0131nar Bilican<\/p>\n<p>Safiye \u015eensoy<\/p>\n<p>Sevin\u00e7 Balo\u011flu<\/p>\n<p>Su Balo\u011flu<\/p>\n<p>Tuncay \u00c7etin<\/p>\n<p>Saliha Yavuz<\/p>\n<p>Seza Paker<\/p>\n<p>Se\u00e7il Erden<\/p>\n<p>Selim Atakan<\/p>\n<p>Selin Turan McCallum<\/p>\n<p>Su Balo\u011flu<\/p>\n<p>Tan Oral<\/p>\n<p>U\u011fur K\u0131r<\/p>\n<p>U\u011fur Ye\u011fin<\/p>\n<p>U\u011furcan Moro\u011flu<\/p>\n<p>Veysel U\u011furlu<\/p>\n<p>Vildan Ceylan<\/p>\n<p>Yi\u011fit Ak\u0131n<\/p>\n<p>Yi\u011fit Okyay Pekdemir<\/p>\n<p>Yi\u011fit Us<\/p>\n<p>Z\u00fclal Fazl\u0131o\u011flu Ak\u0131n<\/p>\n\n\t<\/div>\n\n\t<\/div>\n\t\t<\/div>\n\t<\/section>\n<!-- AddThis Advanced Settings generic via filter on the_content --><!-- AddThis Share Buttons generic via filter on the_content --><!-- AddThis Related Posts generic via filter on the_content -->","protected":false},"excerpt":{"rendered":"<p><!-- AddThis Advanced Settings generic via filter on wp_trim_excerpt --><!-- AddThis Share Buttons generic via filter on wp_trim_excerpt --><!-- AddThis Related Posts generic via filter on wp_trim_excerpt --><\/p>\n","protected":false},"author":1,"featured_media":0,"parent":0,"menu_order":0,"comment_status":"closed","ping_status":"closed","template":"template-blank.php","meta":{"footnotes":""},"yoast_head":"<!-- This site is optimized with the Yoast SEO plugin v21.5 - https:\/\/yoast.com\/wordpress\/plugins\/seo\/ -->\n<title>Support - Mihri<\/title>\n<meta name=\"robots\" content=\"index, follow, max-snippet:-1, max-image-preview:large, max-video-preview:-1\" \/>\n<link rel=\"canonical\" href=\"https:\/\/www.kimmihri.com\/destek\/\" \/>\n<meta property=\"og:locale\" content=\"en_US\" \/>\n<meta property=\"og:type\" content=\"article\" \/>\n<meta property=\"og:title\" content=\"Support - Mihri\" \/>\n<meta property=\"og:url\" content=\"https:\/\/www.kimmihri.com\/destek\/\" \/>\n<meta property=\"og:site_name\" content=\"Mihri\" \/>\n<meta property=\"article:modified_time\" content=\"2022-03-07T17:30:40+00:00\" \/>\n<meta name=\"twitter:card\" content=\"summary_large_image\" \/>\n<meta name=\"twitter:label1\" content=\"Est. reading time\" \/>\n\t<meta name=\"twitter:data1\" content=\"1 minute\" \/>\n<script type=\"application\/ld+json\" class=\"yoast-schema-graph\">{\"@context\":\"https:\/\/schema.org\",\"@graph\":[{\"@type\":\"WebPage\",\"@id\":\"https:\/\/www.kimmihri.com\/destek\/\",\"url\":\"https:\/\/www.kimmihri.com\/destek\/\",\"name\":\"Support - Mihri\",\"isPartOf\":{\"@id\":\"https:\/\/www.kimmihri.com\/#website\"},\"datePublished\":\"2016-04-19T09:56:33+00:00\",\"dateModified\":\"2022-03-07T17:30:40+00:00\",\"breadcrumb\":{\"@id\":\"https:\/\/www.kimmihri.com\/destek\/#breadcrumb\"},\"inLanguage\":\"en-US\",\"potentialAction\":[{\"@type\":\"ReadAction\",\"target\":[\"https:\/\/www.kimmihri.com\/destek\/\"]}]},{\"@type\":\"BreadcrumbList\",\"@id\":\"https:\/\/www.kimmihri.com\/destek\/#breadcrumb\",\"itemListElement\":[{\"@type\":\"ListItem\",\"position\":1,\"name\":\"Ana sayfa\",\"item\":\"https:\/\/www.kimmihri.com\/\"},{\"@type\":\"ListItem\",\"position\":2,\"name\":\"Destek\"}]},{\"@type\":\"WebSite\",\"@id\":\"https:\/\/www.kimmihri.com\/#website\",\"url\":\"https:\/\/www.kimmihri.com\/\",\"name\":\"Mihri\",\"description\":\"\",\"potentialAction\":[{\"@type\":\"SearchAction\",\"target\":{\"@type\":\"EntryPoint\",\"urlTemplate\":\"https:\/\/www.kimmihri.com\/?s={search_term_string}\"},\"query-input\":\"required name=search_term_string\"}],\"inLanguage\":\"en-US\"}]}<\/script>\n<!-- \/ Yoast SEO plugin. -->","yoast_head_json":{"title":"Support - Mihri","robots":{"index":"index","follow":"follow","max-snippet":"max-snippet:-1","max-image-preview":"max-image-preview:large","max-video-preview":"max-video-preview:-1"},"canonical":"https:\/\/www.kimmihri.com\/destek\/","og_locale":"en_US","og_type":"article","og_title":"Support - Mihri","og_url":"https:\/\/www.kimmihri.com\/destek\/","og_site_name":"Mihri","article_modified_time":"2022-03-07T17:30:40+00:00","twitter_card":"summary_large_image","twitter_misc":{"Est. reading time":"1 minute"},"schema":{"@context":"https:\/\/schema.org","@graph":[{"@type":"WebPage","@id":"https:\/\/www.kimmihri.com\/destek\/","url":"https:\/\/www.kimmihri.com\/destek\/","name":"Support - Mihri","isPartOf":{"@id":"https:\/\/www.kimmihri.com\/#website"},"datePublished":"2016-04-19T09:56:33+00:00","dateModified":"2022-03-07T17:30:40+00:00","breadcrumb":{"@id":"https:\/\/www.kimmihri.com\/destek\/#breadcrumb"},"inLanguage":"en-US","potentialAction":[{"@type":"ReadAction","target":["https:\/\/www.kimmihri.com\/destek\/"]}]},{"@type":"BreadcrumbList","@id":"https:\/\/www.kimmihri.com\/destek\/#breadcrumb","itemListElement":[{"@type":"ListItem","position":1,"name":"Ana sayfa","item":"https:\/\/www.kimmihri.com\/"},{"@type":"ListItem","position":2,"name":"Destek"}]},{"@type":"WebSite","@id":"https:\/\/www.kimmihri.com\/#website","url":"https:\/\/www.kimmihri.com\/","name":"Mihri","description":"","potentialAction":[{"@type":"SearchAction","target":{"@type":"EntryPoint","urlTemplate":"https:\/\/www.kimmihri.com\/?s={search_term_string}"},"query-input":"required name=search_term_string"}],"inLanguage":"en-US"}]}},"_links":{"self":[{"href":"https:\/\/www.kimmihri.com\/en\/wp-json\/wp\/v2\/pages\/607"}],"collection":[{"href":"https:\/\/www.kimmihri.com\/en\/wp-json\/wp\/v2\/pages"}],"about":[{"href":"https:\/\/www.kimmihri.com\/en\/wp-json\/wp\/v2\/types\/page"}],"author":[{"embeddable":true,"href":"https:\/\/www.kimmihri.com\/en\/wp-json\/wp\/v2\/users\/1"}],"replies":[{"embeddable":true,"href":"https:\/\/www.kimmihri.com\/en\/wp-json\/wp\/v2\/comments?post=607"}],"version-history":[{"count":8,"href":"https:\/\/www.kimmihri.com\/en\/wp-json\/wp\/v2\/pages\/607\/revisions"}],"predecessor-version":[{"id":1896,"href":"https:\/\/www.kimmihri.com\/en\/wp-json\/wp\/v2\/pages\/607\/revisions\/1896"}],"wp:attachment":[{"href":"https:\/\/www.kimmihri.com\/en\/wp-json\/wp\/v2\/media?parent=607"}],"curies":[{"name":"wp","href":"https:\/\/api.w.org\/{rel}","templated":true}]}}